{"id":47,"date":"2017-11-27T12:38:26","date_gmt":"2017-11-27T12:38:26","guid":{"rendered":"http:\/\/maike-hagena.com\/?page_id=47"},"modified":"2023-09-10T13:01:03","modified_gmt":"2023-09-10T13:01:03","slug":"reviews","status":"publish","type":"page","link":"https:\/\/maike-hagena.com\/en\/zur-person\/reviews\/","title":{"rendered":"Reviews"},"content":{"rendered":"<p><strong>JOURNALS<\/strong><br \/>\nEUPE &#8212; European Journal of Psychology of Education.<br \/>\nJMD &#8212; Journal f\u00fcr Mathematik-Didaktik.<br \/>\nTATE &#8212; Teaching and Teacher Education.<br \/>\nZDM &#8212; The International Journal on Mathematics Education.<\/p>\n<hr \/>\n<p><strong>CONFERENCES<\/strong><br \/>\nEuropean Association for Research in Learning and Instruction.<br \/>\nGesellschaft f\u00fcr empirische Bildungsforschung.<br \/>\nInternational Congress on Mathematical Education.<\/p>\n<hr \/>\n<p><strong>OTHERS<\/strong><br \/>\nEilerts, K., Borromeo Ferri, R., &#038; M\u00f6ller, R. (Eds.). (in preparation). <em>Neue Materialien f\u00fcr einen realit\u00e4tsbezogenen Mathematikunterricht (ISTRON-Schriftenreihe) &#8212; Mathematisches Modellieren in der Grundschule &#8212; praktische Beispiele f\u00fcr den Unterricht Klasse 1-6.<\/em> Wiesbaden: Springer.<\/p>\n<p>Eilerts, K., M\u00f6ller, R. D., &#038; Huhmann, T. (Eds.) (2022). Auf dem Weg zum neuen Mathematiklehren und -lernen 2.0. Festschrift f\u00fcr Prof. Dr. Bernd Wollring. Wies-baden: Springer Spektrum. <a href=\"https:\/\/doi.org\/10.1007\/978-3-658-33450-5\">https:\/\/doi.org\/10.1007\/978-3-658-33450-5.<\/a><\/p>","protected":false},"excerpt":{"rendered":"<p>JOURNALS EUPE &#8212; European Journal of Psychology of Education. JMD &#8212; Journal f\u00fcr Mathematik-Didaktik. TATE &#8212; Teaching and Teacher Education. ZDM &#8212; The International Journal on Mathematics Education. CONFERENCES European Association for Research in Learning and Instruction. Gesellschaft f\u00fcr empirische Bildungsforschung. International Congress on Mathematical Education. OTHERS Eilerts, K., Borromeo Ferri, R., &#038; M\u00f6ller, R. [&hellip;]<\/p>\n","protected":false},"author":1,"featured_media":0,"parent":23,"menu_order":7,"comment_status":"closed","ping_status":"closed","template":"","meta":{"footnotes":""},"class_list":["post-47","page","type-page","status-publish","hentry"],"_links":{"self":[{"href":"https:\/\/maike-hagena.com\/en\/wp-json\/wp\/v2\/pages\/47","targetHints":{"allow":["GET"]}}],"collection":[{"href":"https:\/\/maike-hagena.com\/en\/wp-json\/wp\/v2\/pages"}],"about":[{"href":"https:\/\/maike-hagena.com\/en\/wp-json\/wp\/v2\/types\/page"}],"author":[{"embeddable":true,"href":"https:\/\/maike-hagena.com\/en\/wp-json\/wp\/v2\/users\/1"}],"replies":[{"embeddable":true,"href":"https:\/\/maike-hagena.com\/en\/wp-json\/wp\/v2\/comments?post=47"}],"version-history":[{"count":19,"href":"https:\/\/maike-hagena.com\/en\/wp-json\/wp\/v2\/pages\/47\/revisions"}],"predecessor-version":[{"id":423,"href":"https:\/\/maike-hagena.com\/en\/wp-json\/wp\/v2\/pages\/47\/revisions\/423"}],"up":[{"embeddable":true,"href":"https:\/\/maike-hagena.com\/en\/wp-json\/wp\/v2\/pages\/23"}],"wp:attachment":[{"href":"https:\/\/maike-hagena.com\/en\/wp-json\/wp\/v2\/media?parent=47"}],"curies":[{"name":"wp","href":"https:\/\/api.w.org\/{rel}","templated":true}]}}